{"id":473,"date":"2023-03-05T21:18:47","date_gmt":"2023-03-05T20:18:47","guid":{"rendered":"http:\/\/saxophoniste-dj-geneve.com\/?page_id=473"},"modified":"2026-01-19T13:32:50","modified_gmt":"2026-01-19T12:32:50","slug":"saxophoniste-dj-geneve","status":"publish","type":"page","link":"https:\/\/saxophoniste-dj-geneve.com\/index.php\/saxophoniste-dj-geneve\/","title":{"rendered":"Formules Entreprises"},"content":{"rendered":"\n<p><\/p>\n\n\n\n<h2 class=\"wp-block-heading\">Animation ap\u00e9ritif<\/h2>\n\n\n\n<p>Que soit un ap\u00e9ritif classique ou un ap\u00e9ritif dinatoire, je propose une prestation personnalis\u00e9e, pour accompagner des moments conviviaux.  Le but est de faire de la musique plaisante et que les invit\u00e9s  puissent discuter sans \u00eatre d\u00e9rang\u00e9s par le volume de la musique. <\/p>\n\n\n\n<p>Et bien entendu  il y aurait la possibilit\u00e9 de faire   une partie en tant que saxophoniste performer ( Deep House, Lounge, Dancefloor&#8230;)<\/p>\n\n\n\n<h2 class=\"wp-block-heading\">Soir\u00e9e Entreprise<\/h2>\n\n\n\n<p>Pour les soir\u00e9es je vous sugg\u00e8re quelques passages de saxophone pendant le repas, sur de la musique d&#8217;ambiance et puis pour faire bouger la foule, je vous sugg\u00e8re un show  sur la piste de dance.<\/p>\n\n\n\n<p>place ensuite \u00e0 la partie Dj<\/p>\n\n\n\n<p><\/p>\n\n\n\n<p>A vous de jouer!  euh!&#8230; A moi!<\/p>\n\n\n\n<p>Ou alors vous avez d\u00e9j\u00e0 un Dj et vous souhaitez une prestation pour l&#8217;ap\u00e9ritif et pour la soir\u00e9e en collaboration avec votre Dj? <\/p>\n\n\n\n<p>Pas de souci.  Je travaille avec beaucoup de disc Jockeys de la r\u00e9gion.<\/p>\n\n\n\n<p>Contactez moi par t\u00e9l\u00e9phone ou par mail et je vous ferai un devis personnalis\u00e9<\/p>\n\n\n<div class=\"wp-block-image\">\n<figure class=\"alignleft size-full is-resized\"><img loading=\"lazy\" decoding=\"async\" width=\"629\" height=\"380\" src=\"http:\/\/saxophoniste-dj-geneve.com\/wp-content\/uploads\/2023\/03\/sax20.jpg\" alt=\"Saxophoniste Dj Gen\u00e8ve\" class=\"wp-image-547\" style=\"width:321px;height:194px\" srcset=\"https:\/\/saxophoniste-dj-geneve.com\/wp-content\/uploads\/2023\/03\/sax20.jpg 629w, https:\/\/saxophoniste-dj-geneve.com\/wp-content\/uploads\/2023\/03\/sax20-300x181.jpg 300w\" sizes=\"auto, (max-width: 629px) 100vw, 629px\" \/><\/figure>\n<\/div>\n\n<div class=\"wp-block-image\">\n<figure class=\"alignright size-large is-resized\"><img loading=\"lazy\" decoding=\"async\" width=\"1024\" height=\"612\" src=\"http:\/\/saxophoniste-dj-geneve.com\/wp-content\/uploads\/2023\/03\/dererere-1024x612.jpg\" alt=\"Saxophoniste Dj Gen\u00e8ve\" class=\"wp-image-556\" style=\"width:329px;height:196px\" srcset=\"https:\/\/saxophoniste-dj-geneve.com\/wp-content\/uploads\/2023\/03\/dererere-1024x612.jpg 1024w, https:\/\/saxophoniste-dj-geneve.com\/wp-content\/uploads\/2023\/03\/dererere-300x179.jpg 300w, https:\/\/saxophoniste-dj-geneve.com\/wp-content\/uploads\/2023\/03\/dererere-768x459.jpg 768w, https:\/\/saxophoniste-dj-geneve.com\/wp-content\/uploads\/2023\/03\/dererere.jpg 1284w\" sizes=\"auto, (max-width: 1024px) 100vw, 1024px\" \/><\/figure>\n<\/div>\n\n\n<p><\/p>\n\n\n\n<p><\/p>\n\n\n\n<h1 class=\"wp-block-heading\">Amis<\/h1>\n\n\n\n<figure class=\"wp-block-image size-full is-resized\"><a href=\"https:\/\/chanteur-italien.fr\/\" target=\"_blank\" rel=\"noreferrer noopener\"><img loading=\"lazy\" decoding=\"async\" width=\"296\" height=\"185\" src=\"http:\/\/saxophoniste-dj-geneve.com\/wp-content\/uploads\/2023\/03\/italien-3.jpg\" alt=\"Crooner italien Lyon\" class=\"wp-image-690\" style=\"width:114px;height:71px\"\/><\/a><\/figure>\n\n\n\n<figure class=\"wp-block-image size-full is-resized\"><a href=\"https:\/\/jazz-cocktail.fr\/\" target=\"_blank\" rel=\"noreferrer noopener\"><img loading=\"lazy\" decoding=\"async\" width=\"296\" height=\"185\" src=\"http:\/\/saxophoniste-dj-geneve.com\/wp-content\/uploads\/2023\/03\/SAX-DOM-GENEVE-4.jpg\" alt=\"Saxophoniste Dj Lyon\" class=\"wp-image-691\" style=\"width:114px;height:71px\"\/><\/a><\/figure>\n\n\n\n<pre class=\"wp-block-preformatted\"><a href=\"https:\/\/www.djlyonevenementiel.fr\/\" target=\"_blank\" rel=\"noreferrer noopener\">https:\/\/www.djlyonevenementiel.fr<\/a><br><\/pre>\n\n\n\n<p><\/p>\n","protected":false},"excerpt":{"rendered":"<p>Animation ap\u00e9ritif Que soit un ap\u00e9ritif classique ou un ap\u00e9ritif dinatoire, je propose une prestation personnalis\u00e9e, pour accompagner des moments conviviaux. Le but est de faire de la musique plaisante et que les invit\u00e9s puissent discuter sans \u00eatre d\u00e9rang\u00e9s par le volume<\/p>\n<p class=\"link-more\"><a class=\"myButt \" href=\"https:\/\/saxophoniste-dj-geneve.com\/index.php\/saxophoniste-dj-geneve\/\">Read More<\/a><\/p>\n","protected":false},"author":1,"featured_media":0,"parent":0,"menu_order":0,"comment_status":"closed","ping_status":"closed","template":"","meta":{"_joinchat":[],"footnotes":""},"class_list":["post-473","page","type-page","status-publish","hentry"],"yoast_head":"<!-- This site is optimized with the Yoast SEO plugin v27.5 - https:\/\/yoast.com\/product\/yoast-seo-wordpress\/ -->\n<title>Formules Entreprises - Saxophoniste Dj Gen\u00e8ve<\/title>\n<meta name=\"description\" content=\"Saxophoniste Dj Gen\u00e8ve. Cocktails et soir\u00e9es pour entreprises \u00e0 partir de 550 CHF. Deep House, Lounge, Pop, Dancefloor, Lofi, Funk...\" \/>\n<meta name=\"robots\" content=\"index, follow, max-snippet:-1, max-image-preview:large, max-video-preview:-1\" \/>\n<link rel=\"canonical\" href=\"https:\/\/saxophoniste-dj-geneve.com\/index.php\/saxophoniste-dj-geneve\/\" \/>\n<meta property=\"og:locale\" content=\"en_US\" \/>\n<meta property=\"og:type\" content=\"article\" \/>\n<meta property=\"og:title\" content=\"Formules Entreprises - Saxophoniste Dj Gen\u00e8ve\" \/>\n<meta property=\"og:description\" content=\"Saxophoniste Dj Gen\u00e8ve. Cocktails et soir\u00e9es pour entreprises \u00e0 partir de 550 CHF. Deep House, Lounge, Pop, Dancefloor, Lofi, Funk...\" \/>\n<meta property=\"og:url\" content=\"https:\/\/saxophoniste-dj-geneve.com\/index.php\/saxophoniste-dj-geneve\/\" \/>\n<meta property=\"og:site_name\" content=\"Saxophoniste Dj Gen\u00e8ve\" \/>\n<meta property=\"article:modified_time\" content=\"2026-01-19T12:32:50+00:00\" \/>\n<meta property=\"og:image\" content=\"https:\/\/saxophoniste-dj-geneve.com\/wp-content\/uploads\/2023\/03\/sax20.jpg\" \/>\n\t<meta property=\"og:image:width\" content=\"629\" \/>\n\t<meta property=\"og:image:height\" content=\"380\" \/>\n\t<meta property=\"og:image:type\" content=\"image\/jpeg\" \/>\n<meta name=\"twitter:card\" content=\"summary_large_image\" \/>\n<meta name=\"twitter:label1\" content=\"Est. reading time\" \/>\n\t<meta name=\"twitter:data1\" content=\"2 minutes\" \/>\n<script type=\"application\/ld+json\" class=\"yoast-schema-graph\">{\"@context\":\"https:\\\/\\\/schema.org\",\"@graph\":[{\"@type\":\"WebPage\",\"@id\":\"https:\\\/\\\/saxophoniste-dj-geneve.com\\\/index.php\\\/saxophoniste-dj-geneve\\\/\",\"url\":\"https:\\\/\\\/saxophoniste-dj-geneve.com\\\/index.php\\\/saxophoniste-dj-geneve\\\/\",\"name\":\"Formules Entreprises - Saxophoniste Dj Gen\u00e8ve\",\"isPartOf\":{\"@id\":\"https:\\\/\\\/saxophoniste-dj-geneve.com\\\/#website\"},\"primaryImageOfPage\":{\"@id\":\"https:\\\/\\\/saxophoniste-dj-geneve.com\\\/index.php\\\/saxophoniste-dj-geneve\\\/#primaryimage\"},\"image\":{\"@id\":\"https:\\\/\\\/saxophoniste-dj-geneve.com\\\/index.php\\\/saxophoniste-dj-geneve\\\/#primaryimage\"},\"thumbnailUrl\":\"http:\\\/\\\/saxophoniste-dj-geneve.com\\\/wp-content\\\/uploads\\\/2023\\\/03\\\/sax20.jpg\",\"datePublished\":\"2023-03-05T20:18:47+00:00\",\"dateModified\":\"2026-01-19T12:32:50+00:00\",\"description\":\"Saxophoniste Dj Gen\u00e8ve. Cocktails et soir\u00e9es pour entreprises \u00e0 partir de 550 CHF. Deep House, Lounge, Pop, Dancefloor, Lofi, Funk...\",\"breadcrumb\":{\"@id\":\"https:\\\/\\\/saxophoniste-dj-geneve.com\\\/index.php\\\/saxophoniste-dj-geneve\\\/#breadcrumb\"},\"inLanguage\":\"en-US\",\"potentialAction\":[{\"@type\":\"ReadAction\",\"target\":[\"https:\\\/\\\/saxophoniste-dj-geneve.com\\\/index.php\\\/saxophoniste-dj-geneve\\\/\"]}]},{\"@type\":\"ImageObject\",\"inLanguage\":\"en-US\",\"@id\":\"https:\\\/\\\/saxophoniste-dj-geneve.com\\\/index.php\\\/saxophoniste-dj-geneve\\\/#primaryimage\",\"url\":\"https:\\\/\\\/saxophoniste-dj-geneve.com\\\/wp-content\\\/uploads\\\/2023\\\/03\\\/sax20.jpg\",\"contentUrl\":\"https:\\\/\\\/saxophoniste-dj-geneve.com\\\/wp-content\\\/uploads\\\/2023\\\/03\\\/sax20.jpg\",\"width\":629,\"height\":380,\"caption\":\"Saxophoniste Dj Gen\u00e8ve\"},{\"@type\":\"BreadcrumbList\",\"@id\":\"https:\\\/\\\/saxophoniste-dj-geneve.com\\\/index.php\\\/saxophoniste-dj-geneve\\\/#breadcrumb\",\"itemListElement\":[{\"@type\":\"ListItem\",\"position\":1,\"name\":\"Accueil\",\"item\":\"https:\\\/\\\/saxophoniste-dj-geneve.com\\\/\"},{\"@type\":\"ListItem\",\"position\":2,\"name\":\"Formules Entreprises\"}]},{\"@type\":\"WebSite\",\"@id\":\"https:\\\/\\\/saxophoniste-dj-geneve.com\\\/#website\",\"url\":\"https:\\\/\\\/saxophoniste-dj-geneve.com\\\/\",\"name\":\"Saxophoniste Dj Gen\u00e8ve\",\"description\":\"Tel 0033\\\/06 99 27 32 13\",\"publisher\":{\"@id\":\"https:\\\/\\\/saxophoniste-dj-geneve.com\\\/#\\\/schema\\\/person\\\/1b65880808bc780b7b85473d129ad051\"},\"potentialAction\":[{\"@type\":\"SearchAction\",\"target\":{\"@type\":\"EntryPoint\",\"urlTemplate\":\"https:\\\/\\\/saxophoniste-dj-geneve.com\\\/?s={search_term_string}\"},\"query-input\":{\"@type\":\"PropertyValueSpecification\",\"valueRequired\":true,\"valueName\":\"search_term_string\"}}],\"inLanguage\":\"en-US\"},{\"@type\":[\"Person\",\"Organization\"],\"@id\":\"https:\\\/\\\/saxophoniste-dj-geneve.com\\\/#\\\/schema\\\/person\\\/1b65880808bc780b7b85473d129ad051\",\"name\":\"Domenico\",\"image\":{\"@type\":\"ImageObject\",\"inLanguage\":\"en-US\",\"@id\":\"http:\\\/\\\/saxophoniste-dj-geneve.com\\\/wp-content\\\/uploads\\\/2023\\\/02\\\/sax-1-1.jpg\",\"url\":\"http:\\\/\\\/saxophoniste-dj-geneve.com\\\/wp-content\\\/uploads\\\/2023\\\/02\\\/sax-1-1.jpg\",\"contentUrl\":\"http:\\\/\\\/saxophoniste-dj-geneve.com\\\/wp-content\\\/uploads\\\/2023\\\/02\\\/sax-1-1.jpg\",\"width\":921,\"height\":527,\"caption\":\"Domenico\"},\"logo\":{\"@id\":\"http:\\\/\\\/saxophoniste-dj-geneve.com\\\/wp-content\\\/uploads\\\/2023\\\/02\\\/sax-1-1.jpg\"},\"sameAs\":[\"http:\\\/\\\/saxophoniste-dj-geneve.com\"]}]}<\/script>\n<!-- \/ Yoast SEO plugin. -->","yoast_head_json":{"title":"Formules Entreprises - Saxophoniste Dj Gen\u00e8ve","description":"Saxophoniste Dj Gen\u00e8ve. Cocktails et soir\u00e9es pour entreprises \u00e0 partir de 550 CHF. Deep House, Lounge, Pop, Dancefloor, Lofi, Funk...","robots":{"index":"index","follow":"follow","max-snippet":"max-snippet:-1","max-image-preview":"max-image-preview:large","max-video-preview":"max-video-preview:-1"},"canonical":"https:\/\/saxophoniste-dj-geneve.com\/index.php\/saxophoniste-dj-geneve\/","og_locale":"en_US","og_type":"article","og_title":"Formules Entreprises - Saxophoniste Dj Gen\u00e8ve","og_description":"Saxophoniste Dj Gen\u00e8ve. Cocktails et soir\u00e9es pour entreprises \u00e0 partir de 550 CHF. Deep House, Lounge, Pop, Dancefloor, Lofi, Funk...","og_url":"https:\/\/saxophoniste-dj-geneve.com\/index.php\/saxophoniste-dj-geneve\/","og_site_name":"Saxophoniste Dj Gen\u00e8ve","article_modified_time":"2026-01-19T12:32:50+00:00","og_image":[{"width":629,"height":380,"url":"https:\/\/saxophoniste-dj-geneve.com\/wp-content\/uploads\/2023\/03\/sax20.jpg","type":"image\/jpeg"}],"twitter_card":"summary_large_image","twitter_misc":{"Est. reading time":"2 minutes"},"schema":{"@context":"https:\/\/schema.org","@graph":[{"@type":"WebPage","@id":"https:\/\/saxophoniste-dj-geneve.com\/index.php\/saxophoniste-dj-geneve\/","url":"https:\/\/saxophoniste-dj-geneve.com\/index.php\/saxophoniste-dj-geneve\/","name":"Formules Entreprises - Saxophoniste Dj Gen\u00e8ve","isPartOf":{"@id":"https:\/\/saxophoniste-dj-geneve.com\/#website"},"primaryImageOfPage":{"@id":"https:\/\/saxophoniste-dj-geneve.com\/index.php\/saxophoniste-dj-geneve\/#primaryimage"},"image":{"@id":"https:\/\/saxophoniste-dj-geneve.com\/index.php\/saxophoniste-dj-geneve\/#primaryimage"},"thumbnailUrl":"http:\/\/saxophoniste-dj-geneve.com\/wp-content\/uploads\/2023\/03\/sax20.jpg","datePublished":"2023-03-05T20:18:47+00:00","dateModified":"2026-01-19T12:32:50+00:00","description":"Saxophoniste Dj Gen\u00e8ve. Cocktails et soir\u00e9es pour entreprises \u00e0 partir de 550 CHF. Deep House, Lounge, Pop, Dancefloor, Lofi, Funk...","breadcrumb":{"@id":"https:\/\/saxophoniste-dj-geneve.com\/index.php\/saxophoniste-dj-geneve\/#breadcrumb"},"inLanguage":"en-US","potentialAction":[{"@type":"ReadAction","target":["https:\/\/saxophoniste-dj-geneve.com\/index.php\/saxophoniste-dj-geneve\/"]}]},{"@type":"ImageObject","inLanguage":"en-US","@id":"https:\/\/saxophoniste-dj-geneve.com\/index.php\/saxophoniste-dj-geneve\/#primaryimage","url":"https:\/\/saxophoniste-dj-geneve.com\/wp-content\/uploads\/2023\/03\/sax20.jpg","contentUrl":"https:\/\/saxophoniste-dj-geneve.com\/wp-content\/uploads\/2023\/03\/sax20.jpg","width":629,"height":380,"caption":"Saxophoniste Dj Gen\u00e8ve"},{"@type":"BreadcrumbList","@id":"https:\/\/saxophoniste-dj-geneve.com\/index.php\/saxophoniste-dj-geneve\/#breadcrumb","itemListElement":[{"@type":"ListItem","position":1,"name":"Accueil","item":"https:\/\/saxophoniste-dj-geneve.com\/"},{"@type":"ListItem","position":2,"name":"Formules Entreprises"}]},{"@type":"WebSite","@id":"https:\/\/saxophoniste-dj-geneve.com\/#website","url":"https:\/\/saxophoniste-dj-geneve.com\/","name":"Saxophoniste Dj Gen\u00e8ve","description":"Tel 0033\/06 99 27 32 13","publisher":{"@id":"https:\/\/saxophoniste-dj-geneve.com\/#\/schema\/person\/1b65880808bc780b7b85473d129ad051"},"potentialAction":[{"@type":"SearchAction","target":{"@type":"EntryPoint","urlTemplate":"https:\/\/saxophoniste-dj-geneve.com\/?s={search_term_string}"},"query-input":{"@type":"PropertyValueSpecification","valueRequired":true,"valueName":"search_term_string"}}],"inLanguage":"en-US"},{"@type":["Person","Organization"],"@id":"https:\/\/saxophoniste-dj-geneve.com\/#\/schema\/person\/1b65880808bc780b7b85473d129ad051","name":"Domenico","image":{"@type":"ImageObject","inLanguage":"en-US","@id":"http:\/\/saxophoniste-dj-geneve.com\/wp-content\/uploads\/2023\/02\/sax-1-1.jpg","url":"http:\/\/saxophoniste-dj-geneve.com\/wp-content\/uploads\/2023\/02\/sax-1-1.jpg","contentUrl":"http:\/\/saxophoniste-dj-geneve.com\/wp-content\/uploads\/2023\/02\/sax-1-1.jpg","width":921,"height":527,"caption":"Domenico"},"logo":{"@id":"http:\/\/saxophoniste-dj-geneve.com\/wp-content\/uploads\/2023\/02\/sax-1-1.jpg"},"sameAs":["http:\/\/saxophoniste-dj-geneve.com"]}]}},"_links":{"self":[{"href":"https:\/\/saxophoniste-dj-geneve.com\/index.php\/wp-json\/wp\/v2\/pages\/473","targetHints":{"allow":["GET"]}}],"collection":[{"href":"https:\/\/saxophoniste-dj-geneve.com\/index.php\/wp-json\/wp\/v2\/pages"}],"about":[{"href":"https:\/\/saxophoniste-dj-geneve.com\/index.php\/wp-json\/wp\/v2\/types\/page"}],"author":[{"embeddable":true,"href":"https:\/\/saxophoniste-dj-geneve.com\/index.php\/wp-json\/wp\/v2\/users\/1"}],"replies":[{"embeddable":true,"href":"https:\/\/saxophoniste-dj-geneve.com\/index.php\/wp-json\/wp\/v2\/comments?post=473"}],"version-history":[{"count":26,"href":"https:\/\/saxophoniste-dj-geneve.com\/index.php\/wp-json\/wp\/v2\/pages\/473\/revisions"}],"predecessor-version":[{"id":870,"href":"https:\/\/saxophoniste-dj-geneve.com\/index.php\/wp-json\/wp\/v2\/pages\/473\/revisions\/870"}],"wp:attachment":[{"href":"https:\/\/saxophoniste-dj-geneve.com\/index.php\/wp-json\/wp\/v2\/media?parent=473"}],"curies":[{"name":"wp","href":"https:\/\/api.w.org\/{rel}","templated":true}]}}