{"id":462,"date":"2023-03-05T20:05:34","date_gmt":"2023-03-05T19:05:34","guid":{"rendered":"http:\/\/saxophoniste-dj-geneve.com\/?page_id=462"},"modified":"2024-07-23T10:13:52","modified_gmt":"2024-07-23T08:13:52","slug":"saxophoniste-dj-geneve-2","status":"publish","type":"page","link":"https:\/\/saxophoniste-dj-geneve.com\/index.php\/saxophoniste-dj-geneve-2\/","title":{"rendered":"Formules priv\u00e9es"},"content":{"rendered":"\n<h2 class=\"wp-block-heading\">Formule mariages<\/h2>\n\n\n\n<p><\/p>\n\n\n\n<h3 class=\"wp-block-heading\">Formule c\u00e9r\u00e9monie et cocktail<\/h3>\n\n\n\n<p>Sonorisation et animation de votre c\u00e9r\u00e9monie au saxophone.<\/p>\n\n\n\n<p>Mise \u00e0 disposition d&#8217;un micro sans fil en cas de c\u00e9r\u00e9monie la\u00efque.<\/p>\n\n\n\n<p>En g\u00e9n\u00e9ral pour la c\u00e9r\u00e9monie il y aurait une musique pour d&#8217;entr\u00e9e, une musique pour l&#8217;\u00e9change des alliances ou pour la signature des registres et une musique pour la fin de la c\u00e9r\u00e9monie.<\/p>\n\n\n\n<p>Pour l&#8217;animation du vin d&#8217;honneur, vous avez le choix entre de la musique actuelle,  telle que de la Deep House, Dancefloor, Lounge, Smooth, Cover Pop  et la musique plus traditionnelle comme le Swing, le Jazz, le New Orleans. <\/p>\n\n\n\n<p>Ou alors vous pourriez choisir un m\u00e9lange de tout cela.<\/p>\n\n\n\n<p><\/p>\n\n\n\n<h3 class=\"wp-block-heading\">Formule cocktails et soir\u00e9e saxophone<\/h3>\n\n\n\n<p>Installation d&#8217;une sonorisation pour l&#8217;animation du vin d&#8217;honneur.<\/p>\n\n\n\n<p>Animation au saxophone pendant la dur\u00e9e du cocktail dans les styles Deep House, Lounge, Smooth, Cover Pop, Dancefloor, Slows&#8230;<\/p>\n\n\n\n<p>Pendant la soir\u00e9e, je vous propose de jouer une musique de votre choix pour une entr\u00e9e dans la salle en grand pompe. Bien sur avec la collaboration de votre Dj<\/p>\n\n\n\n<p>Et puis je vous propose des sets Deep House, DanceFloor en collaboration avec votre Dj.<\/p>\n\n\n\n<p>Pour cl\u00f4turer ma prestation, qu&#8217;en direz vous d&#8217;une ouverture du bal au saxophone? Ou d&#8217;une musique rythm\u00e9 pour la pr\u00e9sentation de votre gateau de mariage?<\/p>\n\n\n\n<p><\/p>\n\n\n\n<h3 class=\"wp-block-heading\">Formule cocktail et brunche le lendemain<\/h3>\n\n\n\n<p>Si vous choisissez cette formule, je vous propose deux animation diff\u00e9rentes . <\/p>\n\n\n\n<p>Par exemple une animation Deep House, Lounge, moderne pour le vin d&#8217;honneur et une animation plut\u00f4t jazzy, Cool Jazz, Slow pour le Brunch.<\/p>\n\n\n\n<p>Sachant que je suis aussi chanteur crooner et que vous pourriez choisir l&#8217;option saxophoniste -Crooner ( Michael Bubl\u00e9, Franck Sinatra&#8230;.)<\/p>\n\n\n\n<h3 class=\"wp-block-heading\">Formule c\u00e9r\u00e9monie, cocktail et soir\u00e9e saxophone<\/h3>\n\n\n\n<p>Il y aura une installation sono pour la c\u00e9r\u00e9monie, qu&#8217;elle soit \u00e0 l&#8217;\u00e9glise ou dans le domaine o\u00f9 il y a aura lieu votre mariage ( c\u00e9r\u00e9monie la\u00efque ) et une installation sono pour l&#8217;animation du vin d&#8217;honneur.<\/p>\n\n\n\n<p>Pour la c\u00e9r\u00e9monie en g\u00e9n\u00e9rale, il y a une musique d&#8217;entr\u00e9e, une musique pour la signature des registre ou pour l&#8217;\u00e9change des alliances et une musique pour la fin de la c\u00e9r\u00e9monie. D&#8217;autres musique peuvent se rajouter. Si vous souhaitez juste que je passe de la musique avec vos chansons pr\u00e9f\u00e9r\u00e9s, c&#8217;est tout \u00e0 fait possible.<\/p>\n\n\n\n<p>Pour l&#8217;animation du vin d&#8217;honneur, je vous propose des musique modernes, dans le style Deep Huse, Lounge, Cover Pop, Dancefloor, Smooth ou bien du Swing, Jazz, New Orleans&#8230;<\/p>\n\n\n<p> <span style=\"font-size: revert; color: initial;\">Pendant la soir\u00e9e, je vous propose de jouer une musique de votre choix pour une entr\u00e9e dans la salle en grand pompe. Bien sur avec la collaboration de votre Dj<\/span>   <\/p>\n<p>Et puis je vous propose des sets Deep House, DanceFloor en collaboration avec votre Dj.<\/p>\n<p><\/p>\n\n\n<p><span style=\"font-size: revert; color: initial;\">Pour cl\u00f4turer ma prestation, qu&#8217;en direz vous d&#8217;une ouverture du bal au saxophone? Ou d&#8217;une musique rythm\u00e9 pour la pr\u00e9sentation de votre gateau de mariage?<\/span> <\/p>\n\n\n\n<h3 class=\"wp-block-heading\">Formule cocktail saxophone et soir\u00e9e saxophone -Dj<\/h3>\n\n\n<p>Pour l&#8217;animation du vin d&#8217;honneur, je vous propose des musique modernes, dans le style Deep Huse, Lounge, Cover Pop, Dancefloor, Smooth ou bien du Swing, Jazz, New Orleans&#8230;<span style=\"font-size: revert; color: initial;\">Pendant la soir\u00e9e, je vous propose de jouer une musique de votre choix pour une entr\u00e9e dans la salle en grand pompe. Je vous propose \u00e9galement quelques tours de tables romantiques entre deux plats .<\/span><\/p>\n\n\n<p>Cot\u00e9 Dj, je suis \u00e0 votre \u00e9coute, je vous propose une playlist personnalis\u00e9 . <\/p>\n\n\n\n<h2 class=\"wp-block-heading\">Formule cocktail, banquets, soir\u00e9es festives<\/h2>\n\n\n\n<p>Je me ferai un plaisir de vous proposer une offre personnalis\u00e9e<\/p>\n\n\n\n<h3 class=\"wp-block-heading\">Amis<\/h3>\n\n\n<div class=\"wp-block-image\">\n<figure class=\"alignright size-full is-resized\"><a href=\"https:\/\/jazz-cocktail.fr\/\" target=\"_blank\" rel=\"noreferrer noopener\"><img loading=\"lazy\" decoding=\"async\" src=\"http:\/\/saxophoniste-dj-geneve.com\/wp-content\/uploads\/2023\/03\/SAX-DOM-GENEVE-4.jpg\" alt=\"saxophoniste Dj Gen\u00e8ve\" class=\"wp-image-691\" width=\"133\" height=\"82\"\/><\/a><\/figure>\n<\/div>\n\n<div class=\"wp-block-image\">\n<figure class=\"alignleft size-full is-resized\"><a href=\"https:\/\/chanteur-italien.fr\/\" target=\"_blank\" rel=\"noreferrer noopener\"><img loading=\"lazy\" decoding=\"async\" src=\"http:\/\/saxophoniste-dj-geneve.com\/wp-content\/uploads\/2023\/03\/italien-3.jpg\" alt=\"Chanteur italien Gen\u00e8ve\" class=\"wp-image-690\" width=\"130\" height=\"82\"\/><\/a><\/figure>\n<\/div>\n\n\n<p><\/p>\n","protected":false},"excerpt":{"rendered":"<p>Formule mariages Formule c\u00e9r\u00e9monie et cocktail Sonorisation et animation de votre c\u00e9r\u00e9monie au saxophone. Mise \u00e0 disposition d&#8217;un micro sans fil en cas de c\u00e9r\u00e9monie la\u00efque. En g\u00e9n\u00e9ral pour la c\u00e9r\u00e9monie il y aurait une musique pour d&#8217;entr\u00e9e, une musique pour l&#8217;\u00e9change<\/p>\n<p class=\"link-more\"><a class=\"myButt \" href=\"https:\/\/saxophoniste-dj-geneve.com\/index.php\/saxophoniste-dj-geneve-2\/\">Read More<\/a><\/p>\n","protected":false},"author":1,"featured_media":0,"parent":0,"menu_order":0,"comment_status":"closed","ping_status":"closed","template":"","meta":{"_joinchat":[],"footnotes":""},"class_list":["post-462","page","type-page","status-publish","hentry"],"yoast_head":"<!-- This site is optimized with the Yoast SEO plugin v27.6 - https:\/\/yoast.com\/product\/yoast-seo-wordpress\/ -->\n<title>Formules priv\u00e9es - Saxophoniste Dj Gen\u00e8ve<\/title>\n<meta name=\"description\" content=\"Saxophoniste Dj Gen\u00e8ve. A partir de 550 CHF. Cocktails et soir\u00e9es. Deep House, Lounge, Pop, Dancefloor, Funk, Reggaeton, Lofi, House...\" \/>\n<meta name=\"robots\" content=\"index, follow, max-snippet:-1, max-image-preview:large, max-video-preview:-1\" \/>\n<link rel=\"canonical\" href=\"https:\/\/saxophoniste-dj-geneve.com\/index.php\/saxophoniste-dj-geneve-2\/\" \/>\n<meta property=\"og:locale\" content=\"en_US\" \/>\n<meta property=\"og:type\" content=\"article\" \/>\n<meta property=\"og:title\" content=\"Formules priv\u00e9es - Saxophoniste Dj Gen\u00e8ve\" \/>\n<meta property=\"og:description\" content=\"Saxophoniste Dj Gen\u00e8ve. A partir de 550 CHF. Cocktails et soir\u00e9es. Deep House, Lounge, Pop, Dancefloor, Funk, Reggaeton, Lofi, House...\" \/>\n<meta property=\"og:url\" content=\"https:\/\/saxophoniste-dj-geneve.com\/index.php\/saxophoniste-dj-geneve-2\/\" \/>\n<meta property=\"og:site_name\" content=\"Saxophoniste Dj Gen\u00e8ve\" \/>\n<meta property=\"article:modified_time\" content=\"2024-07-23T08:13:52+00:00\" \/>\n<meta property=\"og:image\" content=\"http:\/\/saxophoniste-dj-geneve.com\/wp-content\/uploads\/2023\/03\/SAX-DOM-GENEVE-4.jpg\" \/>\n<meta name=\"twitter:card\" content=\"summary_large_image\" \/>\n<meta name=\"twitter:label1\" content=\"Est. reading time\" \/>\n\t<meta name=\"twitter:data1\" content=\"3 minutes\" \/>\n<script type=\"application\/ld+json\" class=\"yoast-schema-graph\">{\"@context\":\"https:\\\/\\\/schema.org\",\"@graph\":[{\"@type\":\"WebPage\",\"@id\":\"https:\\\/\\\/saxophoniste-dj-geneve.com\\\/index.php\\\/saxophoniste-dj-geneve-2\\\/\",\"url\":\"https:\\\/\\\/saxophoniste-dj-geneve.com\\\/index.php\\\/saxophoniste-dj-geneve-2\\\/\",\"name\":\"Formules priv\u00e9es - Saxophoniste Dj Gen\u00e8ve\",\"isPartOf\":{\"@id\":\"https:\\\/\\\/saxophoniste-dj-geneve.com\\\/#website\"},\"primaryImageOfPage\":{\"@id\":\"https:\\\/\\\/saxophoniste-dj-geneve.com\\\/index.php\\\/saxophoniste-dj-geneve-2\\\/#primaryimage\"},\"image\":{\"@id\":\"https:\\\/\\\/saxophoniste-dj-geneve.com\\\/index.php\\\/saxophoniste-dj-geneve-2\\\/#primaryimage\"},\"thumbnailUrl\":\"http:\\\/\\\/saxophoniste-dj-geneve.com\\\/wp-content\\\/uploads\\\/2023\\\/03\\\/SAX-DOM-GENEVE-4.jpg\",\"datePublished\":\"2023-03-05T19:05:34+00:00\",\"dateModified\":\"2024-07-23T08:13:52+00:00\",\"description\":\"Saxophoniste Dj Gen\u00e8ve. A partir de 550 CHF. Cocktails et soir\u00e9es. Deep House, Lounge, Pop, Dancefloor, Funk, Reggaeton, Lofi, House...\",\"breadcrumb\":{\"@id\":\"https:\\\/\\\/saxophoniste-dj-geneve.com\\\/index.php\\\/saxophoniste-dj-geneve-2\\\/#breadcrumb\"},\"inLanguage\":\"en-US\",\"potentialAction\":[{\"@type\":\"ReadAction\",\"target\":[\"https:\\\/\\\/saxophoniste-dj-geneve.com\\\/index.php\\\/saxophoniste-dj-geneve-2\\\/\"]}]},{\"@type\":\"ImageObject\",\"inLanguage\":\"en-US\",\"@id\":\"https:\\\/\\\/saxophoniste-dj-geneve.com\\\/index.php\\\/saxophoniste-dj-geneve-2\\\/#primaryimage\",\"url\":\"https:\\\/\\\/saxophoniste-dj-geneve.com\\\/wp-content\\\/uploads\\\/2023\\\/03\\\/SAX-DOM-GENEVE-4.jpg\",\"contentUrl\":\"https:\\\/\\\/saxophoniste-dj-geneve.com\\\/wp-content\\\/uploads\\\/2023\\\/03\\\/SAX-DOM-GENEVE-4.jpg\",\"width\":296,\"height\":185,\"caption\":\"saxophoniste Dj Gen\u00e8ve\"},{\"@type\":\"BreadcrumbList\",\"@id\":\"https:\\\/\\\/saxophoniste-dj-geneve.com\\\/index.php\\\/saxophoniste-dj-geneve-2\\\/#breadcrumb\",\"itemListElement\":[{\"@type\":\"ListItem\",\"position\":1,\"name\":\"Accueil\",\"item\":\"https:\\\/\\\/saxophoniste-dj-geneve.com\\\/\"},{\"@type\":\"ListItem\",\"position\":2,\"name\":\"Formules priv\u00e9es\"}]},{\"@type\":\"WebSite\",\"@id\":\"https:\\\/\\\/saxophoniste-dj-geneve.com\\\/#website\",\"url\":\"https:\\\/\\\/saxophoniste-dj-geneve.com\\\/\",\"name\":\"Saxophoniste Dj Gen\u00e8ve\",\"description\":\"Tel 0033\\\/06 99 27 32 13\",\"publisher\":{\"@id\":\"https:\\\/\\\/saxophoniste-dj-geneve.com\\\/#\\\/schema\\\/person\\\/1b65880808bc780b7b85473d129ad051\"},\"potentialAction\":[{\"@type\":\"SearchAction\",\"target\":{\"@type\":\"EntryPoint\",\"urlTemplate\":\"https:\\\/\\\/saxophoniste-dj-geneve.com\\\/?s={search_term_string}\"},\"query-input\":{\"@type\":\"PropertyValueSpecification\",\"valueRequired\":true,\"valueName\":\"search_term_string\"}}],\"inLanguage\":\"en-US\"},{\"@type\":[\"Person\",\"Organization\"],\"@id\":\"https:\\\/\\\/saxophoniste-dj-geneve.com\\\/#\\\/schema\\\/person\\\/1b65880808bc780b7b85473d129ad051\",\"name\":\"Domenico\",\"image\":{\"@type\":\"ImageObject\",\"inLanguage\":\"en-US\",\"@id\":\"http:\\\/\\\/saxophoniste-dj-geneve.com\\\/wp-content\\\/uploads\\\/2023\\\/02\\\/sax-1-1.jpg\",\"url\":\"http:\\\/\\\/saxophoniste-dj-geneve.com\\\/wp-content\\\/uploads\\\/2023\\\/02\\\/sax-1-1.jpg\",\"contentUrl\":\"http:\\\/\\\/saxophoniste-dj-geneve.com\\\/wp-content\\\/uploads\\\/2023\\\/02\\\/sax-1-1.jpg\",\"width\":921,\"height\":527,\"caption\":\"Domenico\"},\"logo\":{\"@id\":\"http:\\\/\\\/saxophoniste-dj-geneve.com\\\/wp-content\\\/uploads\\\/2023\\\/02\\\/sax-1-1.jpg\"},\"sameAs\":[\"http:\\\/\\\/saxophoniste-dj-geneve.com\"]}]}<\/script>\n<!-- \/ Yoast SEO plugin. -->","yoast_head_json":{"title":"Formules priv\u00e9es - Saxophoniste Dj Gen\u00e8ve","description":"Saxophoniste Dj Gen\u00e8ve. A partir de 550 CHF. Cocktails et soir\u00e9es. Deep House, Lounge, Pop, Dancefloor, Funk, Reggaeton, Lofi, House...","robots":{"index":"index","follow":"follow","max-snippet":"max-snippet:-1","max-image-preview":"max-image-preview:large","max-video-preview":"max-video-preview:-1"},"canonical":"https:\/\/saxophoniste-dj-geneve.com\/index.php\/saxophoniste-dj-geneve-2\/","og_locale":"en_US","og_type":"article","og_title":"Formules priv\u00e9es - Saxophoniste Dj Gen\u00e8ve","og_description":"Saxophoniste Dj Gen\u00e8ve. A partir de 550 CHF. Cocktails et soir\u00e9es. Deep House, Lounge, Pop, Dancefloor, Funk, Reggaeton, Lofi, House...","og_url":"https:\/\/saxophoniste-dj-geneve.com\/index.php\/saxophoniste-dj-geneve-2\/","og_site_name":"Saxophoniste Dj Gen\u00e8ve","article_modified_time":"2024-07-23T08:13:52+00:00","og_image":[{"url":"http:\/\/saxophoniste-dj-geneve.com\/wp-content\/uploads\/2023\/03\/SAX-DOM-GENEVE-4.jpg","type":"","width":"","height":""}],"twitter_card":"summary_large_image","twitter_misc":{"Est. reading time":"3 minutes"},"schema":{"@context":"https:\/\/schema.org","@graph":[{"@type":"WebPage","@id":"https:\/\/saxophoniste-dj-geneve.com\/index.php\/saxophoniste-dj-geneve-2\/","url":"https:\/\/saxophoniste-dj-geneve.com\/index.php\/saxophoniste-dj-geneve-2\/","name":"Formules priv\u00e9es - Saxophoniste Dj Gen\u00e8ve","isPartOf":{"@id":"https:\/\/saxophoniste-dj-geneve.com\/#website"},"primaryImageOfPage":{"@id":"https:\/\/saxophoniste-dj-geneve.com\/index.php\/saxophoniste-dj-geneve-2\/#primaryimage"},"image":{"@id":"https:\/\/saxophoniste-dj-geneve.com\/index.php\/saxophoniste-dj-geneve-2\/#primaryimage"},"thumbnailUrl":"http:\/\/saxophoniste-dj-geneve.com\/wp-content\/uploads\/2023\/03\/SAX-DOM-GENEVE-4.jpg","datePublished":"2023-03-05T19:05:34+00:00","dateModified":"2024-07-23T08:13:52+00:00","description":"Saxophoniste Dj Gen\u00e8ve. A partir de 550 CHF. Cocktails et soir\u00e9es. Deep House, Lounge, Pop, Dancefloor, Funk, Reggaeton, Lofi, House...","breadcrumb":{"@id":"https:\/\/saxophoniste-dj-geneve.com\/index.php\/saxophoniste-dj-geneve-2\/#breadcrumb"},"inLanguage":"en-US","potentialAction":[{"@type":"ReadAction","target":["https:\/\/saxophoniste-dj-geneve.com\/index.php\/saxophoniste-dj-geneve-2\/"]}]},{"@type":"ImageObject","inLanguage":"en-US","@id":"https:\/\/saxophoniste-dj-geneve.com\/index.php\/saxophoniste-dj-geneve-2\/#primaryimage","url":"https:\/\/saxophoniste-dj-geneve.com\/wp-content\/uploads\/2023\/03\/SAX-DOM-GENEVE-4.jpg","contentUrl":"https:\/\/saxophoniste-dj-geneve.com\/wp-content\/uploads\/2023\/03\/SAX-DOM-GENEVE-4.jpg","width":296,"height":185,"caption":"saxophoniste Dj Gen\u00e8ve"},{"@type":"BreadcrumbList","@id":"https:\/\/saxophoniste-dj-geneve.com\/index.php\/saxophoniste-dj-geneve-2\/#breadcrumb","itemListElement":[{"@type":"ListItem","position":1,"name":"Accueil","item":"https:\/\/saxophoniste-dj-geneve.com\/"},{"@type":"ListItem","position":2,"name":"Formules priv\u00e9es"}]},{"@type":"WebSite","@id":"https:\/\/saxophoniste-dj-geneve.com\/#website","url":"https:\/\/saxophoniste-dj-geneve.com\/","name":"Saxophoniste Dj Gen\u00e8ve","description":"Tel 0033\/06 99 27 32 13","publisher":{"@id":"https:\/\/saxophoniste-dj-geneve.com\/#\/schema\/person\/1b65880808bc780b7b85473d129ad051"},"potentialAction":[{"@type":"SearchAction","target":{"@type":"EntryPoint","urlTemplate":"https:\/\/saxophoniste-dj-geneve.com\/?s={search_term_string}"},"query-input":{"@type":"PropertyValueSpecification","valueRequired":true,"valueName":"search_term_string"}}],"inLanguage":"en-US"},{"@type":["Person","Organization"],"@id":"https:\/\/saxophoniste-dj-geneve.com\/#\/schema\/person\/1b65880808bc780b7b85473d129ad051","name":"Domenico","image":{"@type":"ImageObject","inLanguage":"en-US","@id":"http:\/\/saxophoniste-dj-geneve.com\/wp-content\/uploads\/2023\/02\/sax-1-1.jpg","url":"http:\/\/saxophoniste-dj-geneve.com\/wp-content\/uploads\/2023\/02\/sax-1-1.jpg","contentUrl":"http:\/\/saxophoniste-dj-geneve.com\/wp-content\/uploads\/2023\/02\/sax-1-1.jpg","width":921,"height":527,"caption":"Domenico"},"logo":{"@id":"http:\/\/saxophoniste-dj-geneve.com\/wp-content\/uploads\/2023\/02\/sax-1-1.jpg"},"sameAs":["http:\/\/saxophoniste-dj-geneve.com"]}]}},"_links":{"self":[{"href":"https:\/\/saxophoniste-dj-geneve.com\/index.php\/wp-json\/wp\/v2\/pages\/462","targetHints":{"allow":["GET"]}}],"collection":[{"href":"https:\/\/saxophoniste-dj-geneve.com\/index.php\/wp-json\/wp\/v2\/pages"}],"about":[{"href":"https:\/\/saxophoniste-dj-geneve.com\/index.php\/wp-json\/wp\/v2\/types\/page"}],"author":[{"embeddable":true,"href":"https:\/\/saxophoniste-dj-geneve.com\/index.php\/wp-json\/wp\/v2\/users\/1"}],"replies":[{"embeddable":true,"href":"https:\/\/saxophoniste-dj-geneve.com\/index.php\/wp-json\/wp\/v2\/comments?post=462"}],"version-history":[{"count":14,"href":"https:\/\/saxophoniste-dj-geneve.com\/index.php\/wp-json\/wp\/v2\/pages\/462\/revisions"}],"predecessor-version":[{"id":703,"href":"https:\/\/saxophoniste-dj-geneve.com\/index.php\/wp-json\/wp\/v2\/pages\/462\/revisions\/703"}],"wp:attachment":[{"href":"https:\/\/saxophoniste-dj-geneve.com\/index.php\/wp-json\/wp\/v2\/media?parent=462"}],"curies":[{"name":"wp","href":"https:\/\/api.w.org\/{rel}","templated":true}]}}