{"id":327,"date":"2023-03-05T19:56:48","date_gmt":"2023-03-05T18:56:48","guid":{"rendered":"http:\/\/saxophoniste-dj-geneve.com\/?page_id=327"},"modified":"2023-03-18T13:03:19","modified_gmt":"2023-03-18T12:03:19","slug":"saxophoniste-et-dj-geneve","status":"publish","type":"page","link":"https:\/\/saxophoniste-dj-geneve.com\/index.php\/saxophoniste-et-dj-geneve\/","title":{"rendered":"M\u00e9dia+"},"content":{"rendered":"\n<p><\/p>\n\n\n\n<p>Voici quelques extraits de styles de musique que je propose. Il est possible de jouer quelques titres sur demande. Merci de me pr\u00e9venir \u00e0 l&#8217;avance pour que je puisse trouver les bandes sonores et que je puisse les travailler. <\/p>\n\n\n\n<p>Si vous souhaitez une premi\u00e8re partie plut\u00f4t cool, type Smooth Jazz, Swing  et ensuite une deuxi\u00e8me partie plus rythm\u00e9, c&#8217;est tout \u00e0 fait possible!<\/p>\n\n\n\n<p><\/p>\n\n\n\n<p><\/p>\n\n\n\n<p><\/p>\n\n\n\n<h2 class=\"wp-block-heading\">Deep House<\/h2>\n\n\n\n<p><\/p>\n\n\n\n<figure class=\"wp-block-audio alignleft\"><audio controls src=\"http:\/\/saxophoniste-dj-geneve.com\/wp-content\/uploads\/2023\/03\/deep-house2.mp3\"><\/audio><\/figure>\n\n\n\n<figure class=\"wp-block-audio alignright\"><audio controls src=\"http:\/\/saxophoniste-dj-geneve.com\/wp-content\/uploads\/2023\/03\/deep-house3-1.mp3\"><\/audio><\/figure>\n\n\n\n<figure class=\"wp-block-audio alignleft\"><audio controls src=\"http:\/\/saxophoniste-dj-geneve.com\/wp-content\/uploads\/2023\/03\/deep-house1.mp3\"><\/audio><\/figure>\n\n\n\n<figure class=\"wp-block-audio alignright\"><audio controls src=\"http:\/\/saxophoniste-dj-geneve.com\/wp-content\/uploads\/2023\/03\/deep-house4.mp3\"><\/audio><\/figure>\n\n\n\n<p><\/p>\n\n\n\n<h2 class=\"wp-block-heading\">Lounge<\/h2>\n\n\n\n<p><\/p>\n\n\n\n<figure class=\"wp-block-audio alignleft\"><audio controls src=\"http:\/\/saxophoniste-dj-geneve.com\/wp-content\/uploads\/2023\/03\/lounge10.mp3\"><\/audio><\/figure>\n\n\n\n<figure class=\"wp-block-audio alignright\"><audio controls src=\"http:\/\/saxophoniste-dj-geneve.com\/wp-content\/uploads\/2023\/03\/lounge4.mp3\"><\/audio><\/figure>\n\n\n\n<figure class=\"wp-block-audio alignleft\"><audio controls src=\"http:\/\/saxophoniste-dj-geneve.com\/wp-content\/uploads\/2023\/03\/lounge7.mp3\"><\/audio><\/figure>\n\n\n\n<figure class=\"wp-block-audio alignright\"><audio controls src=\"http:\/\/saxophoniste-dj-geneve.com\/wp-content\/uploads\/2023\/03\/lounge8.mp3\"><\/audio><\/figure>\n\n\n\n<figure class=\"wp-block-audio alignleft\"><audio controls src=\"http:\/\/saxophoniste-dj-geneve.com\/wp-content\/uploads\/2023\/03\/lounge9.mp3\"><\/audio><\/figure>\n\n\n\n<figure class=\"wp-block-audio alignright\"><audio controls src=\"http:\/\/saxophoniste-dj-geneve.com\/wp-content\/uploads\/2023\/03\/lounge5-1.mp3\"><\/audio><\/figure>\n\n\n\n<h2 class=\"wp-block-heading\">Original Sax<\/h2>\n\n\n\n<p><\/p>\n\n\n\n<figure class=\"wp-block-audio alignleft\"><audio controls src=\"http:\/\/saxophoniste-dj-geneve.com\/wp-content\/uploads\/2023\/03\/Make-me-a-memory-sad.mp3\"><\/audio><\/figure>\n\n\n\n<figure class=\"wp-block-audio alignright\"><audio controls src=\"http:\/\/saxophoniste-dj-geneve.com\/wp-content\/uploads\/2023\/03\/neither-one-of-us-1.mp3\"><\/audio><\/figure>\n\n\n\n<h2 class=\"wp-block-heading\">Cover Pop<\/h2>\n\n\n\n<p><\/p>\n\n\n\n<figure class=\"wp-block-audio alignleft\"><audio controls src=\"http:\/\/saxophoniste-dj-geneve.com\/wp-content\/uploads\/2023\/03\/Shape-of-you.mp3\"><\/audio><\/figure>\n\n\n\n<figure class=\"wp-block-audio alignright\"><audio controls src=\"http:\/\/saxophoniste-dj-geneve.com\/wp-content\/uploads\/2023\/03\/bellie-jean.mp3\"><\/audio><\/figure>\n\n\n\n<figure class=\"wp-block-audio alignleft\"><audio controls src=\"http:\/\/saxophoniste-dj-geneve.com\/wp-content\/uploads\/2023\/03\/the-logical-song.mp3\"><\/audio><\/figure>\n\n\n\n<figure class=\"wp-block-audio alignright\"><audio controls src=\"http:\/\/saxophoniste-dj-geneve.com\/wp-content\/uploads\/2023\/03\/love-never-felt-so-good-1.mp3\"><\/audio><\/figure>\n\n\n\n<h2 class=\"wp-block-heading\">Funk<\/h2>\n\n\n\n<p><\/p>\n\n\n\n<figure class=\"wp-block-audio alignleft\"><audio controls src=\"http:\/\/saxophoniste-dj-geneve.com\/wp-content\/uploads\/2023\/03\/sir-Duc.mp3\"><\/audio><\/figure>\n\n\n\n<figure class=\"wp-block-audio alignright\"><audio controls src=\"http:\/\/saxophoniste-dj-geneve.com\/wp-content\/uploads\/2023\/03\/i-whish2_1.mp3\"><\/audio><\/figure>\n\n\n\n<h2 class=\"wp-block-heading\">Slow Sax<\/h2>\n\n\n\n<p><\/p>\n\n\n\n<figure class=\"wp-block-audio alignleft\"><audio controls src=\"http:\/\/saxophoniste-dj-geneve.com\/wp-content\/uploads\/2023\/03\/eyes-of-blu.mp3\"><\/audio><\/figure>\n\n\n\n<figure class=\"wp-block-audio alignright\"><audio controls src=\"http:\/\/saxophoniste-dj-geneve.com\/wp-content\/uploads\/2023\/03\/You-are-the-raison2-2.mp3\"><\/audio><\/figure>\n\n\n\n<p><\/p>\n\n\n\n<p><\/p>\n\n\n<div class=\"wp-block-image\">\n<figure class=\"alignleft size-full\"><img loading=\"lazy\" decoding=\"async\" width=\"371\" height=\"237\" src=\"http:\/\/saxophoniste-dj-geneve.com\/wp-content\/uploads\/2023\/03\/dj7.jpg\" alt=\"Saxophoniste Dj Gen\u00e8ve\" class=\"wp-image-562\" srcset=\"https:\/\/saxophoniste-dj-geneve.com\/wp-content\/uploads\/2023\/03\/dj7.jpg 371w, https:\/\/saxophoniste-dj-geneve.com\/wp-content\/uploads\/2023\/03\/dj7-300x192.jpg 300w\" sizes=\"auto, (max-width: 371px) 100vw, 371px\" \/><\/figure>\n<\/div>\n\n<div class=\"wp-block-image\">\n<figure class=\"alignright size-full is-resized\"><img loading=\"lazy\" decoding=\"async\" src=\"http:\/\/saxophoniste-dj-geneve.com\/wp-content\/uploads\/2023\/03\/sax35.jpg\" alt=\"Saxophoniste Dj Gen\u00e8ve\" class=\"wp-image-564\" width=\"360\" height=\"240\" srcset=\"https:\/\/saxophoniste-dj-geneve.com\/wp-content\/uploads\/2023\/03\/sax35.jpg 381w, https:\/\/saxophoniste-dj-geneve.com\/wp-content\/uploads\/2023\/03\/sax35-300x200.jpg 300w\" sizes=\"auto, (max-width: 360px) 100vw, 360px\" \/><\/figure>\n<\/div>\n\n\n<div class=\"wp-block-buttons is-layout-flex wp-block-buttons-is-layout-flex\"><\/div>\n\n\n\n<div class=\"wp-block-buttons is-content-justification-space-between is-layout-flex wp-container-core-buttons-is-layout-3d213aab wp-block-buttons-is-layout-flex\"><\/div>\n\n\n\n<h1 class=\"wp-block-heading\">Amis<\/h1>\n\n\n<div class=\"wp-block-image\">\n<figure class=\"alignleft size-full is-resized\"><a href=\"https:\/\/chanteur-italien.fr\/\" target=\"_blank\" rel=\"noreferrer noopener\"><img loading=\"lazy\" decoding=\"async\" src=\"http:\/\/saxophoniste-dj-geneve.com\/wp-content\/uploads\/2023\/03\/Photo-Domenico-Battaglia-Copie.jpg\" alt=\"Saxophoniste dj Geneve\" class=\"wp-image-579\" width=\"107\" height=\"68\" srcset=\"https:\/\/saxophoniste-dj-geneve.com\/wp-content\/uploads\/2023\/03\/Photo-Domenico-Battaglia-Copie.jpg 542w, https:\/\/saxophoniste-dj-geneve.com\/wp-content\/uploads\/2023\/03\/Photo-Domenico-Battaglia-Copie-300x190.jpg 300w\" sizes=\"auto, (max-width: 107px) 100vw, 107px\" \/><\/a><\/figure>\n<\/div>\n\n<div class=\"wp-block-image\">\n<figure class=\"alignright size-full is-resized\"><a href=\"https:\/\/jazz-cocktail.fr\/\" target=\"_blank\" rel=\"noreferrer noopener\"><img loading=\"lazy\" decoding=\"async\" src=\"http:\/\/saxophoniste-dj-geneve.com\/wp-content\/uploads\/2023\/03\/sax10.jpg\" alt=\"\" class=\"wp-image-573\" width=\"100\" height=\"67\" srcset=\"https:\/\/saxophoniste-dj-geneve.com\/wp-content\/uploads\/2023\/03\/sax10.jpg 521w, https:\/\/saxophoniste-dj-geneve.com\/wp-content\/uploads\/2023\/03\/sax10-300x200.jpg 300w\" sizes=\"auto, (max-width: 100px) 100vw, 100px\" \/><\/a><\/figure>\n<\/div>\n\n\n<h2 class=\"wp-block-heading\"><\/h2>\n\n\n\n<div class=\"wp-block-group\"><div class=\"wp-block-group__inner-container is-layout-constrained wp-block-group-is-layout-constrained\">\n<div class=\"wp-block-columns is-layout-flex wp-container-core-columns-is-layout-9d6595d7 wp-block-columns-is-layout-flex\">\n<div class=\"wp-block-column is-layout-flow wp-block-column-is-layout-flow\" style=\"flex-basis:100%\"><\/div>\n<\/div>\n<\/div><\/div>\n","protected":false},"excerpt":{"rendered":"<p>Voici quelques extraits de styles de musique que je propose. Il est possible de jouer quelques titres sur demande. Merci de me pr\u00e9venir \u00e0 l&#8217;avance pour que je puisse trouver les bandes sonores et que je puisse les travailler. Si vous souhaitez<\/p>\n<p class=\"link-more\"><a class=\"myButt \" href=\"https:\/\/saxophoniste-dj-geneve.com\/index.php\/saxophoniste-et-dj-geneve\/\">Read More<\/a><\/p>\n","protected":false},"author":1,"featured_media":0,"parent":0,"menu_order":0,"comment_status":"closed","ping_status":"closed","template":"","meta":{"_joinchat":[],"footnotes":""},"class_list":["post-327","page","type-page","status-publish","hentry"],"yoast_head":"<!-- This site is optimized with the Yoast SEO plugin v27.5 - https:\/\/yoast.com\/product\/yoast-seo-wordpress\/ -->\n<title>M\u00e9dia+ - Saxophoniste Dj Gen\u00e8ve<\/title>\n<meta name=\"description\" content=\"Saxophoniste et Dj Gen\u00e8ve. Animation de cocktails et soir\u00e9es pour priv\u00e9s et entreprises Lounge, Deep House, Electro, Cover Pop, Slow, Funk..\" \/>\n<meta name=\"robots\" content=\"index, follow, max-snippet:-1, max-image-preview:large, max-video-preview:-1\" \/>\n<link rel=\"canonical\" href=\"https:\/\/saxophoniste-dj-geneve.com\/index.php\/saxophoniste-et-dj-geneve\/\" \/>\n<meta property=\"og:locale\" content=\"en_US\" \/>\n<meta property=\"og:type\" content=\"article\" \/>\n<meta property=\"og:title\" content=\"M\u00e9dia+ - Saxophoniste Dj Gen\u00e8ve\" \/>\n<meta property=\"og:description\" content=\"Saxophoniste et Dj Gen\u00e8ve. Animation de cocktails et soir\u00e9es pour priv\u00e9s et entreprises Lounge, Deep House, Electro, Cover Pop, Slow, Funk..\" \/>\n<meta property=\"og:url\" content=\"https:\/\/saxophoniste-dj-geneve.com\/index.php\/saxophoniste-et-dj-geneve\/\" \/>\n<meta property=\"og:site_name\" content=\"Saxophoniste Dj Gen\u00e8ve\" \/>\n<meta property=\"article:modified_time\" content=\"2023-03-18T12:03:19+00:00\" \/>\n<meta property=\"og:image\" content=\"http:\/\/saxophoniste-dj-geneve.com\/wp-content\/uploads\/2023\/03\/dj7.jpg\" \/>\n<meta name=\"twitter:card\" content=\"summary_large_image\" \/>\n<meta name=\"twitter:label1\" content=\"Est. reading time\" \/>\n\t<meta name=\"twitter:data1\" content=\"2 minutes\" \/>\n<script type=\"application\/ld+json\" class=\"yoast-schema-graph\">{\"@context\":\"https:\\\/\\\/schema.org\",\"@graph\":[{\"@type\":\"WebPage\",\"@id\":\"https:\\\/\\\/saxophoniste-dj-geneve.com\\\/index.php\\\/saxophoniste-et-dj-geneve\\\/\",\"url\":\"https:\\\/\\\/saxophoniste-dj-geneve.com\\\/index.php\\\/saxophoniste-et-dj-geneve\\\/\",\"name\":\"M\u00e9dia+ - Saxophoniste Dj Gen\u00e8ve\",\"isPartOf\":{\"@id\":\"https:\\\/\\\/saxophoniste-dj-geneve.com\\\/#website\"},\"primaryImageOfPage\":{\"@id\":\"https:\\\/\\\/saxophoniste-dj-geneve.com\\\/index.php\\\/saxophoniste-et-dj-geneve\\\/#primaryimage\"},\"image\":{\"@id\":\"https:\\\/\\\/saxophoniste-dj-geneve.com\\\/index.php\\\/saxophoniste-et-dj-geneve\\\/#primaryimage\"},\"thumbnailUrl\":\"http:\\\/\\\/saxophoniste-dj-geneve.com\\\/wp-content\\\/uploads\\\/2023\\\/03\\\/dj7.jpg\",\"datePublished\":\"2023-03-05T18:56:48+00:00\",\"dateModified\":\"2023-03-18T12:03:19+00:00\",\"description\":\"Saxophoniste et Dj Gen\u00e8ve. Animation de cocktails et soir\u00e9es pour priv\u00e9s et entreprises Lounge, Deep House, Electro, Cover Pop, Slow, Funk..\",\"breadcrumb\":{\"@id\":\"https:\\\/\\\/saxophoniste-dj-geneve.com\\\/index.php\\\/saxophoniste-et-dj-geneve\\\/#breadcrumb\"},\"inLanguage\":\"en-US\",\"potentialAction\":[{\"@type\":\"ReadAction\",\"target\":[\"https:\\\/\\\/saxophoniste-dj-geneve.com\\\/index.php\\\/saxophoniste-et-dj-geneve\\\/\"]}]},{\"@type\":\"ImageObject\",\"inLanguage\":\"en-US\",\"@id\":\"https:\\\/\\\/saxophoniste-dj-geneve.com\\\/index.php\\\/saxophoniste-et-dj-geneve\\\/#primaryimage\",\"url\":\"https:\\\/\\\/saxophoniste-dj-geneve.com\\\/wp-content\\\/uploads\\\/2023\\\/03\\\/dj7.jpg\",\"contentUrl\":\"https:\\\/\\\/saxophoniste-dj-geneve.com\\\/wp-content\\\/uploads\\\/2023\\\/03\\\/dj7.jpg\",\"width\":371,\"height\":237,\"caption\":\"Saxophoniste Dj Gen\u00e8ve\"},{\"@type\":\"BreadcrumbList\",\"@id\":\"https:\\\/\\\/saxophoniste-dj-geneve.com\\\/index.php\\\/saxophoniste-et-dj-geneve\\\/#breadcrumb\",\"itemListElement\":[{\"@type\":\"ListItem\",\"position\":1,\"name\":\"Accueil\",\"item\":\"https:\\\/\\\/saxophoniste-dj-geneve.com\\\/\"},{\"@type\":\"ListItem\",\"position\":2,\"name\":\"M\u00e9dia+\"}]},{\"@type\":\"WebSite\",\"@id\":\"https:\\\/\\\/saxophoniste-dj-geneve.com\\\/#website\",\"url\":\"https:\\\/\\\/saxophoniste-dj-geneve.com\\\/\",\"name\":\"Saxophoniste Dj Gen\u00e8ve\",\"description\":\"Tel 0033\\\/06 99 27 32 13\",\"publisher\":{\"@id\":\"https:\\\/\\\/saxophoniste-dj-geneve.com\\\/#\\\/schema\\\/person\\\/1b65880808bc780b7b85473d129ad051\"},\"potentialAction\":[{\"@type\":\"SearchAction\",\"target\":{\"@type\":\"EntryPoint\",\"urlTemplate\":\"https:\\\/\\\/saxophoniste-dj-geneve.com\\\/?s={search_term_string}\"},\"query-input\":{\"@type\":\"PropertyValueSpecification\",\"valueRequired\":true,\"valueName\":\"search_term_string\"}}],\"inLanguage\":\"en-US\"},{\"@type\":[\"Person\",\"Organization\"],\"@id\":\"https:\\\/\\\/saxophoniste-dj-geneve.com\\\/#\\\/schema\\\/person\\\/1b65880808bc780b7b85473d129ad051\",\"name\":\"Domenico\",\"image\":{\"@type\":\"ImageObject\",\"inLanguage\":\"en-US\",\"@id\":\"http:\\\/\\\/saxophoniste-dj-geneve.com\\\/wp-content\\\/uploads\\\/2023\\\/02\\\/sax-1-1.jpg\",\"url\":\"http:\\\/\\\/saxophoniste-dj-geneve.com\\\/wp-content\\\/uploads\\\/2023\\\/02\\\/sax-1-1.jpg\",\"contentUrl\":\"http:\\\/\\\/saxophoniste-dj-geneve.com\\\/wp-content\\\/uploads\\\/2023\\\/02\\\/sax-1-1.jpg\",\"width\":921,\"height\":527,\"caption\":\"Domenico\"},\"logo\":{\"@id\":\"http:\\\/\\\/saxophoniste-dj-geneve.com\\\/wp-content\\\/uploads\\\/2023\\\/02\\\/sax-1-1.jpg\"},\"sameAs\":[\"http:\\\/\\\/saxophoniste-dj-geneve.com\"]}]}<\/script>\n<!-- \/ Yoast SEO plugin. -->","yoast_head_json":{"title":"M\u00e9dia+ - Saxophoniste Dj Gen\u00e8ve","description":"Saxophoniste et Dj Gen\u00e8ve. Animation de cocktails et soir\u00e9es pour priv\u00e9s et entreprises Lounge, Deep House, Electro, Cover Pop, Slow, Funk..","robots":{"index":"index","follow":"follow","max-snippet":"max-snippet:-1","max-image-preview":"max-image-preview:large","max-video-preview":"max-video-preview:-1"},"canonical":"https:\/\/saxophoniste-dj-geneve.com\/index.php\/saxophoniste-et-dj-geneve\/","og_locale":"en_US","og_type":"article","og_title":"M\u00e9dia+ - Saxophoniste Dj Gen\u00e8ve","og_description":"Saxophoniste et Dj Gen\u00e8ve. Animation de cocktails et soir\u00e9es pour priv\u00e9s et entreprises Lounge, Deep House, Electro, Cover Pop, Slow, Funk..","og_url":"https:\/\/saxophoniste-dj-geneve.com\/index.php\/saxophoniste-et-dj-geneve\/","og_site_name":"Saxophoniste Dj Gen\u00e8ve","article_modified_time":"2023-03-18T12:03:19+00:00","og_image":[{"url":"http:\/\/saxophoniste-dj-geneve.com\/wp-content\/uploads\/2023\/03\/dj7.jpg","type":"","width":"","height":""}],"twitter_card":"summary_large_image","twitter_misc":{"Est. reading time":"2 minutes"},"schema":{"@context":"https:\/\/schema.org","@graph":[{"@type":"WebPage","@id":"https:\/\/saxophoniste-dj-geneve.com\/index.php\/saxophoniste-et-dj-geneve\/","url":"https:\/\/saxophoniste-dj-geneve.com\/index.php\/saxophoniste-et-dj-geneve\/","name":"M\u00e9dia+ - Saxophoniste Dj Gen\u00e8ve","isPartOf":{"@id":"https:\/\/saxophoniste-dj-geneve.com\/#website"},"primaryImageOfPage":{"@id":"https:\/\/saxophoniste-dj-geneve.com\/index.php\/saxophoniste-et-dj-geneve\/#primaryimage"},"image":{"@id":"https:\/\/saxophoniste-dj-geneve.com\/index.php\/saxophoniste-et-dj-geneve\/#primaryimage"},"thumbnailUrl":"http:\/\/saxophoniste-dj-geneve.com\/wp-content\/uploads\/2023\/03\/dj7.jpg","datePublished":"2023-03-05T18:56:48+00:00","dateModified":"2023-03-18T12:03:19+00:00","description":"Saxophoniste et Dj Gen\u00e8ve. Animation de cocktails et soir\u00e9es pour priv\u00e9s et entreprises Lounge, Deep House, Electro, Cover Pop, Slow, Funk..","breadcrumb":{"@id":"https:\/\/saxophoniste-dj-geneve.com\/index.php\/saxophoniste-et-dj-geneve\/#breadcrumb"},"inLanguage":"en-US","potentialAction":[{"@type":"ReadAction","target":["https:\/\/saxophoniste-dj-geneve.com\/index.php\/saxophoniste-et-dj-geneve\/"]}]},{"@type":"ImageObject","inLanguage":"en-US","@id":"https:\/\/saxophoniste-dj-geneve.com\/index.php\/saxophoniste-et-dj-geneve\/#primaryimage","url":"https:\/\/saxophoniste-dj-geneve.com\/wp-content\/uploads\/2023\/03\/dj7.jpg","contentUrl":"https:\/\/saxophoniste-dj-geneve.com\/wp-content\/uploads\/2023\/03\/dj7.jpg","width":371,"height":237,"caption":"Saxophoniste Dj Gen\u00e8ve"},{"@type":"BreadcrumbList","@id":"https:\/\/saxophoniste-dj-geneve.com\/index.php\/saxophoniste-et-dj-geneve\/#breadcrumb","itemListElement":[{"@type":"ListItem","position":1,"name":"Accueil","item":"https:\/\/saxophoniste-dj-geneve.com\/"},{"@type":"ListItem","position":2,"name":"M\u00e9dia+"}]},{"@type":"WebSite","@id":"https:\/\/saxophoniste-dj-geneve.com\/#website","url":"https:\/\/saxophoniste-dj-geneve.com\/","name":"Saxophoniste Dj Gen\u00e8ve","description":"Tel 0033\/06 99 27 32 13","publisher":{"@id":"https:\/\/saxophoniste-dj-geneve.com\/#\/schema\/person\/1b65880808bc780b7b85473d129ad051"},"potentialAction":[{"@type":"SearchAction","target":{"@type":"EntryPoint","urlTemplate":"https:\/\/saxophoniste-dj-geneve.com\/?s={search_term_string}"},"query-input":{"@type":"PropertyValueSpecification","valueRequired":true,"valueName":"search_term_string"}}],"inLanguage":"en-US"},{"@type":["Person","Organization"],"@id":"https:\/\/saxophoniste-dj-geneve.com\/#\/schema\/person\/1b65880808bc780b7b85473d129ad051","name":"Domenico","image":{"@type":"ImageObject","inLanguage":"en-US","@id":"http:\/\/saxophoniste-dj-geneve.com\/wp-content\/uploads\/2023\/02\/sax-1-1.jpg","url":"http:\/\/saxophoniste-dj-geneve.com\/wp-content\/uploads\/2023\/02\/sax-1-1.jpg","contentUrl":"http:\/\/saxophoniste-dj-geneve.com\/wp-content\/uploads\/2023\/02\/sax-1-1.jpg","width":921,"height":527,"caption":"Domenico"},"logo":{"@id":"http:\/\/saxophoniste-dj-geneve.com\/wp-content\/uploads\/2023\/02\/sax-1-1.jpg"},"sameAs":["http:\/\/saxophoniste-dj-geneve.com"]}]}},"_links":{"self":[{"href":"https:\/\/saxophoniste-dj-geneve.com\/index.php\/wp-json\/wp\/v2\/pages\/327","targetHints":{"allow":["GET"]}}],"collection":[{"href":"https:\/\/saxophoniste-dj-geneve.com\/index.php\/wp-json\/wp\/v2\/pages"}],"about":[{"href":"https:\/\/saxophoniste-dj-geneve.com\/index.php\/wp-json\/wp\/v2\/types\/page"}],"author":[{"embeddable":true,"href":"https:\/\/saxophoniste-dj-geneve.com\/index.php\/wp-json\/wp\/v2\/users\/1"}],"replies":[{"embeddable":true,"href":"https:\/\/saxophoniste-dj-geneve.com\/index.php\/wp-json\/wp\/v2\/comments?post=327"}],"version-history":[{"count":43,"href":"https:\/\/saxophoniste-dj-geneve.com\/index.php\/wp-json\/wp\/v2\/pages\/327\/revisions"}],"predecessor-version":[{"id":653,"href":"https:\/\/saxophoniste-dj-geneve.com\/index.php\/wp-json\/wp\/v2\/pages\/327\/revisions\/653"}],"wp:attachment":[{"href":"https:\/\/saxophoniste-dj-geneve.com\/index.php\/wp-json\/wp\/v2\/media?parent=327"}],"curies":[{"name":"wp","href":"https:\/\/api.w.org\/{rel}","templated":true}]}}