{"id":261,"date":"2023-02-27T11:16:14","date_gmt":"2023-02-27T10:16:14","guid":{"rendered":"http:\/\/saxophoniste-dj-geneve.com\/?page_id=261"},"modified":"2023-07-19T22:50:46","modified_gmt":"2023-07-19T20:50:46","slug":"contactsaxophoniste-dj-geneve","status":"publish","type":"page","link":"https:\/\/saxophoniste-dj-geneve.com\/index.php\/contactsaxophoniste-dj-geneve\/","title":{"rendered":"Contact"},"content":{"rendered":"\n<h2 class=\"wp-block-heading\">t\u00e9l 06 99 27 32 13 <\/h2>\n\n\n\n<h2 class=\"wp-block-heading\"><strong>domebatt@yahoo.fr<\/strong><\/h2>\n\n\n\n<h2 class=\"wp-block-heading\">Devis personnalis\u00e9<\/h2>\n\n\n<div class=\"wp-block-image\">\n<figure class=\"alignright size-full is-resized\"><img loading=\"lazy\" decoding=\"async\" src=\"http:\/\/saxophoniste-dj-geneve.com\/wp-content\/uploads\/2023\/03\/sax31.jpg\" alt=\"Saxophoniste Dj Gen\u00e8ve\" class=\"wp-image-590\" width=\"355\" height=\"246\" srcset=\"https:\/\/saxophoniste-dj-geneve.com\/wp-content\/uploads\/2023\/03\/sax31.jpg 349w, https:\/\/saxophoniste-dj-geneve.com\/wp-content\/uploads\/2023\/03\/sax31-300x208.jpg 300w\" sizes=\"auto, (max-width: 355px) 100vw, 355px\" \/><\/figure>\n<\/div>\n\n<div class=\"wp-block-image\">\n<figure class=\"alignleft size-full is-resized\"><img loading=\"lazy\" decoding=\"async\" src=\"http:\/\/saxophoniste-dj-geneve.com\/wp-content\/uploads\/2023\/03\/dj10.jpg\" alt=\"Saxophoniste Dj Gen\u00e8ve\" class=\"wp-image-589\" width=\"373\" height=\"246\" srcset=\"https:\/\/saxophoniste-dj-geneve.com\/wp-content\/uploads\/2023\/03\/dj10.jpg 352w, https:\/\/saxophoniste-dj-geneve.com\/wp-content\/uploads\/2023\/03\/dj10-300x198.jpg 300w\" sizes=\"auto, (max-width: 373px) 100vw, 373px\" \/><\/figure>\n<\/div>","protected":false},"excerpt":{"rendered":"<p>t\u00e9l 06 99 27 32 13 domebatt@yahoo.fr Devis personnalis\u00e9<\/p>\n","protected":false},"author":1,"featured_media":0,"parent":0,"menu_order":0,"comment_status":"closed","ping_status":"closed","template":"","meta":{"_joinchat":[],"footnotes":""},"class_list":["post-261","page","type-page","status-publish","hentry"],"yoast_head":"<!-- This site is optimized with the Yoast SEO plugin v27.6 - https:\/\/yoast.com\/product\/yoast-seo-wordpress\/ -->\n<title>Contact - Saxophoniste Dj Gen\u00e8ve<\/title>\n<meta name=\"description\" content=\"Saxophoniste Dj Gen\u00e8ve. Animation de cocktails et soir\u00e9es priv\u00e9s et entreprises. Lounge, Deep House, Electro, Dancefloor. 0033-0699273213\" \/>\n<meta name=\"robots\" content=\"index, follow, max-snippet:-1, max-image-preview:large, max-video-preview:-1\" \/>\n<link rel=\"canonical\" href=\"https:\/\/saxophoniste-dj-geneve.com\/index.php\/contactsaxophoniste-dj-geneve\/\" \/>\n<meta property=\"og:locale\" content=\"en_US\" \/>\n<meta property=\"og:type\" content=\"article\" \/>\n<meta property=\"og:title\" content=\"Contact - Saxophoniste Dj Gen\u00e8ve\" \/>\n<meta property=\"og:description\" content=\"Saxophoniste Dj Gen\u00e8ve. Animation de cocktails et soir\u00e9es priv\u00e9s et entreprises. Lounge, Deep House, Electro, Dancefloor. 0033-0699273213\" \/>\n<meta property=\"og:url\" content=\"https:\/\/saxophoniste-dj-geneve.com\/index.php\/contactsaxophoniste-dj-geneve\/\" \/>\n<meta property=\"og:site_name\" content=\"Saxophoniste Dj Gen\u00e8ve\" \/>\n<meta property=\"article:modified_time\" content=\"2023-07-19T20:50:46+00:00\" \/>\n<meta property=\"og:image\" content=\"http:\/\/saxophoniste-dj-geneve.com\/wp-content\/uploads\/2023\/03\/sax31.jpg\" \/>\n<meta name=\"twitter:card\" content=\"summary_large_image\" \/>\n<meta name=\"twitter:label1\" content=\"Est. reading time\" \/>\n\t<meta name=\"twitter:data1\" content=\"1 minute\" \/>\n<script type=\"application\/ld+json\" class=\"yoast-schema-graph\">{\"@context\":\"https:\\\/\\\/schema.org\",\"@graph\":[{\"@type\":\"WebPage\",\"@id\":\"https:\\\/\\\/saxophoniste-dj-geneve.com\\\/index.php\\\/contactsaxophoniste-dj-geneve\\\/\",\"url\":\"https:\\\/\\\/saxophoniste-dj-geneve.com\\\/index.php\\\/contactsaxophoniste-dj-geneve\\\/\",\"name\":\"Contact - Saxophoniste Dj Gen\u00e8ve\",\"isPartOf\":{\"@id\":\"https:\\\/\\\/saxophoniste-dj-geneve.com\\\/#website\"},\"primaryImageOfPage\":{\"@id\":\"https:\\\/\\\/saxophoniste-dj-geneve.com\\\/index.php\\\/contactsaxophoniste-dj-geneve\\\/#primaryimage\"},\"image\":{\"@id\":\"https:\\\/\\\/saxophoniste-dj-geneve.com\\\/index.php\\\/contactsaxophoniste-dj-geneve\\\/#primaryimage\"},\"thumbnailUrl\":\"http:\\\/\\\/saxophoniste-dj-geneve.com\\\/wp-content\\\/uploads\\\/2023\\\/03\\\/sax31.jpg\",\"datePublished\":\"2023-02-27T10:16:14+00:00\",\"dateModified\":\"2023-07-19T20:50:46+00:00\",\"description\":\"Saxophoniste Dj Gen\u00e8ve. Animation de cocktails et soir\u00e9es priv\u00e9s et entreprises. Lounge, Deep House, Electro, Dancefloor. 0033-0699273213\",\"breadcrumb\":{\"@id\":\"https:\\\/\\\/saxophoniste-dj-geneve.com\\\/index.php\\\/contactsaxophoniste-dj-geneve\\\/#breadcrumb\"},\"inLanguage\":\"en-US\",\"potentialAction\":[{\"@type\":\"ReadAction\",\"target\":[\"https:\\\/\\\/saxophoniste-dj-geneve.com\\\/index.php\\\/contactsaxophoniste-dj-geneve\\\/\"]}]},{\"@type\":\"ImageObject\",\"inLanguage\":\"en-US\",\"@id\":\"https:\\\/\\\/saxophoniste-dj-geneve.com\\\/index.php\\\/contactsaxophoniste-dj-geneve\\\/#primaryimage\",\"url\":\"https:\\\/\\\/saxophoniste-dj-geneve.com\\\/wp-content\\\/uploads\\\/2023\\\/03\\\/sax31.jpg\",\"contentUrl\":\"https:\\\/\\\/saxophoniste-dj-geneve.com\\\/wp-content\\\/uploads\\\/2023\\\/03\\\/sax31.jpg\",\"width\":349,\"height\":242},{\"@type\":\"BreadcrumbList\",\"@id\":\"https:\\\/\\\/saxophoniste-dj-geneve.com\\\/index.php\\\/contactsaxophoniste-dj-geneve\\\/#breadcrumb\",\"itemListElement\":[{\"@type\":\"ListItem\",\"position\":1,\"name\":\"Accueil\",\"item\":\"https:\\\/\\\/saxophoniste-dj-geneve.com\\\/\"},{\"@type\":\"ListItem\",\"position\":2,\"name\":\"Contact\"}]},{\"@type\":\"WebSite\",\"@id\":\"https:\\\/\\\/saxophoniste-dj-geneve.com\\\/#website\",\"url\":\"https:\\\/\\\/saxophoniste-dj-geneve.com\\\/\",\"name\":\"Saxophoniste Dj Gen\u00e8ve\",\"description\":\"Tel 0033\\\/06 99 27 32 13\",\"publisher\":{\"@id\":\"https:\\\/\\\/saxophoniste-dj-geneve.com\\\/#\\\/schema\\\/person\\\/1b65880808bc780b7b85473d129ad051\"},\"potentialAction\":[{\"@type\":\"SearchAction\",\"target\":{\"@type\":\"EntryPoint\",\"urlTemplate\":\"https:\\\/\\\/saxophoniste-dj-geneve.com\\\/?s={search_term_string}\"},\"query-input\":{\"@type\":\"PropertyValueSpecification\",\"valueRequired\":true,\"valueName\":\"search_term_string\"}}],\"inLanguage\":\"en-US\"},{\"@type\":[\"Person\",\"Organization\"],\"@id\":\"https:\\\/\\\/saxophoniste-dj-geneve.com\\\/#\\\/schema\\\/person\\\/1b65880808bc780b7b85473d129ad051\",\"name\":\"Domenico\",\"image\":{\"@type\":\"ImageObject\",\"inLanguage\":\"en-US\",\"@id\":\"http:\\\/\\\/saxophoniste-dj-geneve.com\\\/wp-content\\\/uploads\\\/2023\\\/02\\\/sax-1-1.jpg\",\"url\":\"http:\\\/\\\/saxophoniste-dj-geneve.com\\\/wp-content\\\/uploads\\\/2023\\\/02\\\/sax-1-1.jpg\",\"contentUrl\":\"http:\\\/\\\/saxophoniste-dj-geneve.com\\\/wp-content\\\/uploads\\\/2023\\\/02\\\/sax-1-1.jpg\",\"width\":921,\"height\":527,\"caption\":\"Domenico\"},\"logo\":{\"@id\":\"http:\\\/\\\/saxophoniste-dj-geneve.com\\\/wp-content\\\/uploads\\\/2023\\\/02\\\/sax-1-1.jpg\"},\"sameAs\":[\"http:\\\/\\\/saxophoniste-dj-geneve.com\"]}]}<\/script>\n<!-- \/ Yoast SEO plugin. -->","yoast_head_json":{"title":"Contact - Saxophoniste Dj Gen\u00e8ve","description":"Saxophoniste Dj Gen\u00e8ve. Animation de cocktails et soir\u00e9es priv\u00e9s et entreprises. Lounge, Deep House, Electro, Dancefloor. 0033-0699273213","robots":{"index":"index","follow":"follow","max-snippet":"max-snippet:-1","max-image-preview":"max-image-preview:large","max-video-preview":"max-video-preview:-1"},"canonical":"https:\/\/saxophoniste-dj-geneve.com\/index.php\/contactsaxophoniste-dj-geneve\/","og_locale":"en_US","og_type":"article","og_title":"Contact - Saxophoniste Dj Gen\u00e8ve","og_description":"Saxophoniste Dj Gen\u00e8ve. Animation de cocktails et soir\u00e9es priv\u00e9s et entreprises. Lounge, Deep House, Electro, Dancefloor. 0033-0699273213","og_url":"https:\/\/saxophoniste-dj-geneve.com\/index.php\/contactsaxophoniste-dj-geneve\/","og_site_name":"Saxophoniste Dj Gen\u00e8ve","article_modified_time":"2023-07-19T20:50:46+00:00","og_image":[{"url":"http:\/\/saxophoniste-dj-geneve.com\/wp-content\/uploads\/2023\/03\/sax31.jpg","type":"","width":"","height":""}],"twitter_card":"summary_large_image","twitter_misc":{"Est. reading time":"1 minute"},"schema":{"@context":"https:\/\/schema.org","@graph":[{"@type":"WebPage","@id":"https:\/\/saxophoniste-dj-geneve.com\/index.php\/contactsaxophoniste-dj-geneve\/","url":"https:\/\/saxophoniste-dj-geneve.com\/index.php\/contactsaxophoniste-dj-geneve\/","name":"Contact - Saxophoniste Dj Gen\u00e8ve","isPartOf":{"@id":"https:\/\/saxophoniste-dj-geneve.com\/#website"},"primaryImageOfPage":{"@id":"https:\/\/saxophoniste-dj-geneve.com\/index.php\/contactsaxophoniste-dj-geneve\/#primaryimage"},"image":{"@id":"https:\/\/saxophoniste-dj-geneve.com\/index.php\/contactsaxophoniste-dj-geneve\/#primaryimage"},"thumbnailUrl":"http:\/\/saxophoniste-dj-geneve.com\/wp-content\/uploads\/2023\/03\/sax31.jpg","datePublished":"2023-02-27T10:16:14+00:00","dateModified":"2023-07-19T20:50:46+00:00","description":"Saxophoniste Dj Gen\u00e8ve. Animation de cocktails et soir\u00e9es priv\u00e9s et entreprises. Lounge, Deep House, Electro, Dancefloor. 0033-0699273213","breadcrumb":{"@id":"https:\/\/saxophoniste-dj-geneve.com\/index.php\/contactsaxophoniste-dj-geneve\/#breadcrumb"},"inLanguage":"en-US","potentialAction":[{"@type":"ReadAction","target":["https:\/\/saxophoniste-dj-geneve.com\/index.php\/contactsaxophoniste-dj-geneve\/"]}]},{"@type":"ImageObject","inLanguage":"en-US","@id":"https:\/\/saxophoniste-dj-geneve.com\/index.php\/contactsaxophoniste-dj-geneve\/#primaryimage","url":"https:\/\/saxophoniste-dj-geneve.com\/wp-content\/uploads\/2023\/03\/sax31.jpg","contentUrl":"https:\/\/saxophoniste-dj-geneve.com\/wp-content\/uploads\/2023\/03\/sax31.jpg","width":349,"height":242},{"@type":"BreadcrumbList","@id":"https:\/\/saxophoniste-dj-geneve.com\/index.php\/contactsaxophoniste-dj-geneve\/#breadcrumb","itemListElement":[{"@type":"ListItem","position":1,"name":"Accueil","item":"https:\/\/saxophoniste-dj-geneve.com\/"},{"@type":"ListItem","position":2,"name":"Contact"}]},{"@type":"WebSite","@id":"https:\/\/saxophoniste-dj-geneve.com\/#website","url":"https:\/\/saxophoniste-dj-geneve.com\/","name":"Saxophoniste Dj Gen\u00e8ve","description":"Tel 0033\/06 99 27 32 13","publisher":{"@id":"https:\/\/saxophoniste-dj-geneve.com\/#\/schema\/person\/1b65880808bc780b7b85473d129ad051"},"potentialAction":[{"@type":"SearchAction","target":{"@type":"EntryPoint","urlTemplate":"https:\/\/saxophoniste-dj-geneve.com\/?s={search_term_string}"},"query-input":{"@type":"PropertyValueSpecification","valueRequired":true,"valueName":"search_term_string"}}],"inLanguage":"en-US"},{"@type":["Person","Organization"],"@id":"https:\/\/saxophoniste-dj-geneve.com\/#\/schema\/person\/1b65880808bc780b7b85473d129ad051","name":"Domenico","image":{"@type":"ImageObject","inLanguage":"en-US","@id":"http:\/\/saxophoniste-dj-geneve.com\/wp-content\/uploads\/2023\/02\/sax-1-1.jpg","url":"http:\/\/saxophoniste-dj-geneve.com\/wp-content\/uploads\/2023\/02\/sax-1-1.jpg","contentUrl":"http:\/\/saxophoniste-dj-geneve.com\/wp-content\/uploads\/2023\/02\/sax-1-1.jpg","width":921,"height":527,"caption":"Domenico"},"logo":{"@id":"http:\/\/saxophoniste-dj-geneve.com\/wp-content\/uploads\/2023\/02\/sax-1-1.jpg"},"sameAs":["http:\/\/saxophoniste-dj-geneve.com"]}]}},"_links":{"self":[{"href":"https:\/\/saxophoniste-dj-geneve.com\/index.php\/wp-json\/wp\/v2\/pages\/261","targetHints":{"allow":["GET"]}}],"collection":[{"href":"https:\/\/saxophoniste-dj-geneve.com\/index.php\/wp-json\/wp\/v2\/pages"}],"about":[{"href":"https:\/\/saxophoniste-dj-geneve.com\/index.php\/wp-json\/wp\/v2\/types\/page"}],"author":[{"embeddable":true,"href":"https:\/\/saxophoniste-dj-geneve.com\/index.php\/wp-json\/wp\/v2\/users\/1"}],"replies":[{"embeddable":true,"href":"https:\/\/saxophoniste-dj-geneve.com\/index.php\/wp-json\/wp\/v2\/comments?post=261"}],"version-history":[{"count":12,"href":"https:\/\/saxophoniste-dj-geneve.com\/index.php\/wp-json\/wp\/v2\/pages\/261\/revisions"}],"predecessor-version":[{"id":710,"href":"https:\/\/saxophoniste-dj-geneve.com\/index.php\/wp-json\/wp\/v2\/pages\/261\/revisions\/710"}],"wp:attachment":[{"href":"https:\/\/saxophoniste-dj-geneve.com\/index.php\/wp-json\/wp\/v2\/media?parent=261"}],"curies":[{"name":"wp","href":"https:\/\/api.w.org\/{rel}","templated":true}]}}